{"id":159,"date":"2023-06-26T09:03:12","date_gmt":"2023-06-26T09:03:12","guid":{"rendered":"http:\/\/platformkonya.com\/?page_id=159"},"modified":"2023-06-26T10:09:45","modified_gmt":"2023-06-26T10:09:45","slug":"hizmetlerimiz","status":"publish","type":"page","link":"https:\/\/platformkonya.com\/index.php\/hizmetlerimiz\/","title":{"rendered":"Hizmetlerimiz"},"content":{"rendered":"\n<p>Kademeli platform olarak da adland\u0131r\u0131lan \u201cmanlift\u201d pek \u00e7ok alanda kullan\u0131lan mekanik \u00fcr\u00fcnlerdir.&nbsp; \u00d6zellikle in\u015faat ve \u015fantiyelerde s\u0131kl\u0131kla g\u00f6rmeye al\u0131\u015f\u0131k oldu\u011fumuz kiral\u0131k manliftler ge\u00e7mi\u015ften g\u00fcn\u00fcm\u00fcze teknik anlamda geli\u015ferek \u00e7e\u015fitlenmi\u015ftir. Bu sebeple ihtiyaca ve ortam\u0131n mevcut ko\u015fullar\u0131na ba\u011fl\u0131 olarak en uygun <strong>kiral\u0131k manlift<\/strong> tercih edilebilir.<\/p>\n\n\n\n<h2 class=\"wp-block-heading\"><strong>Manlift Kiralama Hizmetleri<\/strong><\/h2>\n\n\n\n<p>Manliflerin bedeli yapaca\u011f\u0131n\u0131z i\u015f k\u0131yasland\u0131\u011f\u0131nda olduk\u00e7a hesapl\u0131d\u0131r. Sizlere Ek\u015fio\u011flu Platform olarak hem kaliteli hem de uygun manlift \u00e7e\u015fitlerimizi sunmaktay\u0131z.<\/p>\n\n\n\n<p>Manlift \u00e7e\u015fitleri firmam\u0131z taraf\u0131ndan uygun se\u00e7eneklerle sunulmaktad\u0131r. Sitemizde bulunan galerimizde manlift \u00e7e\u015fitlerimize yak\u0131ndan bakabilir, \u00f6zelliklerini de g\u00f6rebilirsiniz. \u015eeffaf ve m\u00fc\u015fteri memnuniyeti odakl\u0131 hizmet anlay\u0131\u015f\u0131m\u0131z ile hem \u0130stanbul\u2019da hem de \u0130stanbul \u00e7evresinde <strong>manlift kiralama<\/strong> hizmetimi sa\u011flamaktay\u0131z.<\/p>\n\n\n\n<p>Olduk\u00e7a kullan\u0131\u015fl\u0131 olan manliftlerin ne i\u015fe yarad\u0131\u011f\u0131na daha yak\u0131ndan bakmam\u0131z gerekirse ilk etapta onlar\u0131n faydalar\u0131n\u0131 s\u0131ralamam\u0131z gerekebilir. Bu sayede kiralamak istedi\u011fini manlift \u00e7e\u015fitlerinin size ve firman\u0131za sundu\u011fu \u00f6zellikleri de daha iyi kavram\u0131\u015f olacaks\u0131n\u0131z.<\/p>\n\n\n\n<p>K\u0131saca kiral\u0131k manlift ile neler yap\u0131labilir?<\/p>\n\n\n\n<ol class=\"wp-block-list\">\n<li>Personelin eri\u015fmesinin g\u00fc\u00e7 oldu\u011fu y\u00fcksek alanlara ula\u015f\u0131labilir.<\/li>\n\n\n\n<li>Y\u00fcksek alanlara e\u015fya ya da malzeme ta\u015f\u0131nabilir.<\/li>\n\n\n\n<li>Y\u00fcksek alanlarda depolama yapmak i\u00e7in kullan\u0131labilir.<\/li>\n\n\n\n<li>Binalar\u0131n d\u0131\u015f cephe temizli\u011fi yap\u0131labilir.<\/li>\n\n\n\n<li>Y\u00fcksek yerlerdeki mekanik aletlerin montaj\u0131 ya da demontaj\u0131 yap\u0131labilir.<\/li>\n\n\n\n<li>Y\u00fcksek alanlardaki tadilatlar yap\u0131labilir.<\/li>\n\n\n\n<li>Plaza gibi b\u00fcy\u00fck binalar\u0131n boyama ya da cam temizli\u011fi i\u015flemleri yap\u0131labilir.<\/li>\n<\/ol>\n\n\n\n<h3 class=\"wp-block-heading\"><strong>Kiral\u0131k Manlift \u00c7e\u015fitleri<\/strong><\/h3>\n\n\n\n<p>Olduk\u00e7a kullan\u0131\u015fl\u0131 mekanik bir sistem olan kiral\u0131k manliftler kullan\u0131m yerlerine g\u00f6re \u00e7e\u015fitlilik g\u00f6sterebilir. Bu sebeple kiral\u0131k manliftleri se\u00e7erken proje ya da i\u015fleme uygun kiral\u0131k manliftlerden se\u00e7ilmelidir. Kiral\u0131k manliftlerin \u00f6zelliklerini s\u0131ralamak gerekirse:<\/p>\n\n\n\n<ul class=\"wp-block-list\">\n<li>Makasl\u0131 manlift<\/li>\n\n\n\n<li>Eklemli manlift<\/li>\n\n\n\n<li>Dikey manlift<\/li>\n\n\n\n<li>Teleskopik manlift<\/li>\n\n\n\n<li>\u00d6r\u00fcmcek manlift<\/li>\n<\/ul>\n\n\n\n<h3 class=\"wp-block-heading\"><strong>Manlift Kiralama Avantajlar\u0131<\/strong><\/h3>\n\n\n\n<ul class=\"wp-block-list\">\n<li>Sadece ihtiyac\u0131n\u0131za uygun manlift kiralars\u0131n\u0131z. B\u00f6ylece projenize uygun olmayan manlift alarak masraftan ka\u00e7\u0131nm\u0131\u015f olursunuz.<\/li>\n\n\n\n<li>Firmam\u0131z her t\u00fcrl\u00fc manlift tedarik edebildi\u011fi i\u00e7in manlift bulamama gibi bir durumunuz s\u00f6z konusu olmaz.<\/li>\n\n\n\n<li>Kiral\u0131n manlift \u00fcr\u00fcnleri periyodik olarak bak\u0131mdan ge\u00e7ti\u011fi i\u00e7in her daim bak\u0131ml\u0131 ve haz\u0131r bir manlift kiralam\u0131\u015f olursunuz.<\/li>\n\n\n\n<li>Manlift kiralamak manlift sat\u0131n almadan \u00e7ok daha hesapl\u0131 oldu\u011fundan maddi anlamda tasarruf sa\u011flam\u0131\u015f olursunuz.<\/li>\n\n\n\n<li>Manlift kiralayarak firmam\u0131z ile s\u00fcrekli irtibatta olabilir, herhangi bir ihtiyac\u0131n\u0131zda destek talep edebilirsiniz.<\/li>\n<\/ul>\n\n\n\n<h2 class=\"wp-block-heading\"><strong>Manlift Kiralama \u00c7e\u015fitleri<\/strong><\/h2>\n\n\n\n<p>Kiral\u0131k manliftler \u00e7e\u015fitlerimiz her t\u00fcrl\u00fc teknik donan\u0131ma sahip mekanik \u00fcr\u00fcnlerdir. Kiral\u0131k manliftler \u00e7e\u015fitleri yukar\u0131da da belirtti\u011fimiz gibi kendi i\u00e7erisinde \u00f6zelliklerine g\u00f6re birbirinden ayr\u0131lmaktad\u0131r.<\/p>\n\n\n\n<p>Manfilt \u00e7e\u015fitleri i\u00e7erisindeki makasl\u0131 platformlar s\u0131kl\u0131kla tan\u0131k oldu\u011funuz \u00fczere en s\u0131k tercih edilen kiral\u0131k manliftlerden bir tanesidir. \u00c7ok geni\u015f kapsaml\u0131 bir kullan\u0131m alan\u0131 vard\u0131r. Ayr\u0131ca kullan\u0131m rahatl\u0131\u011f\u0131 da s\u00f6z konusu oldu\u011fundan kiral\u0131k manlift \u00e7e\u015fitleri daha cazip olmaktad\u0131r. Dikey ve yatay hareket edebilme kabiliyeti sunan teleskopik kiral\u0131k manliftler de s\u0131kl\u0131kla tercih edilmektedir. Eklemli, dikey ve teleskopik manfilt \u00e7e\u015fitlerimizi de kiralaman\u0131z m\u00fcmk\u00fcnd\u00fcr. Hepsinin kendisine g\u00f6re projeye ba\u011fl\u0131 olarak avantajlar\u0131 bulunmaktad\u0131r.<\/p>\n\n\n\n<h2 class=\"wp-block-heading\"><strong>Manlift Kiralama Fiyatlar\u0131<\/strong><\/h2>\n\n\n\n<p>Manlift kiralaman\u0131n pek \u00e7ok avantaj\u0131 oldu\u011fundan bahsetmi\u015ftik. Bu anlamda kiral\u0131k manlift maddi anlamda b\u00fcy\u00fck avantaj sa\u011flamaktad\u0131r. Firmalar maliyetleri d\u00fc\u015f\u00fcrebilmek ve i\u015flem hacmini, h\u0131z\u0131n\u0131 art\u0131rabilmek i\u00e7in kiral\u0131k manlift tercih etmektedir. Maliyet anlamda avantaj\u0131 kiralmal\u0131k manlift sat\u0131n almaktan \u00e7ok daha hesapl\u0131d\u0131r. Bilindi\u011fi gibi kiral\u0131k manlift \u00e7e\u015fitleri hem kullan\u0131lan yak\u0131t anlam\u0131nda hem ebat anlam\u0131nda hem de modele g\u00f6re farkl\u0131l\u0131k g\u00f6stermektedir. Bunlar da do\u011fal olarak fiyatlara yans\u0131maktad\u0131r.<\/p>\n\n\n\n<p>Manliftlerin kiralama fiyatlar\u0131 mekanik cihazlar\u0131n i\u015flem hacmine g\u00f6re de\u011ferlendirilmektedir. Manlift kiralaman\u0131n maliyeti g\u00fcn ve ay baz\u0131nda da farkl\u0131l\u0131k g\u00f6stermektedir. Kimi projeler sadece bir g\u00fcnde tamamlanabilmektedir. Bu sebeple firmalar bizlerden g\u00fcnl\u00fck manlift kiralamaktad\u0131rlar. Ancak daha uzun s\u00fcreli projeler i\u00e7in firmalar ayl\u0131k manlift kiralamay\u0131 istemektedirler. Bunun i\u00e7in de ayr\u0131 bir fiyat tarifesi \u00e7\u0131kartmaktay\u0131z. Bu sebeple manlift kiralaman\u0131n maliyetleri hakk\u0131nda daha fazla bilgi almak i\u00e7in bizlerle irtibata ge\u00e7ebilirsiniz.<\/p>\n\n\n\n<h2 class=\"wp-block-heading\"><strong>Manlift Kiralama Firmas\u0131<\/strong><\/h2>\n\n\n\n<p>MA Platform olarak y\u0131llard\u0131r firmalara manlift kiralamalar konusunda profesyonel destek sa\u011flamaktay\u0131z. B\u00fcnyemizde bulunan <strong>manlift kiralama<\/strong> se\u00e7eneklerini sitemizde rahatl\u0131kla inceleyebilirsiniz. Ayr\u0131ca manlift fiyatlar\u0131 hakk\u0131nda bilgi alabilirsiniz. Her bir kiral\u0131k manlift cihaz\u0131m\u0131z periyodik bak\u0131mlardan ge\u00e7mektedir. Ayr\u0131ca her biri alan\u0131nda uzman teknisyenlerimizin kontrol\u00fc ile sizlere sunulmaktad\u0131r. Konya ve \u00e7evresinde kiral\u0131k manlift hizmetini kaliteli ve uygun bir \u015fekilde bizden alabilirsiniz.<\/p>\n\n\n\n<h2 class=\"wp-block-heading\"><strong>En \u00c7ok Manlift Kiralama Hizmeti Verdi\u011fimiz \u015eehirler<\/strong><\/h2>\n\n\n\n<p>Y\u0131llard\u0131r hem Konya\u2019da hem de Aksaray, Ni\u011fde, Karaman ba\u015fta olmak \u00fczere Konya \u00e7evresindeki il ve il\u00e7elere manlift kiralaman\u0131n hizmeti sunmaktay\u0131z. Projeniz nerede ise orada kiral\u0131k manfilt \u00e7e\u015fitlerimizi kullanabilirsiniz. Her t\u00fcrl\u00fc projeye uygun olan <strong>manlift kiralama<\/strong> se\u00e7eneklerimizi inceleyebilirsiniz. Bizden<strong> manlift kiralama<\/strong> fiyatlar\u0131 alabilir, projenizi g\u00fcvenle ve sorunsuz bir \u015fekilde tamamlayabilirsiniz. Kiral\u0131k manlift hizmetini sundu\u011fumuz \u015fehirler:<\/p>\n\n\n\n<h3 class=\"wp-block-heading\"><strong>Konya Manlift Kiralama<\/strong><\/h3>\n\n\n\n<p>\u0130stanbul\u2019un t\u00fcm b\u00f6lgeleri i\u00e7in bizlerden diledi\u011finiz Konya i\u00e7in manliftleri temin edebilirsiniz. E\u011fer projeniz ya da hizmetiniz Konya s\u0131n\u0131rlar\u0131 i\u00e7erisinde olacaksa bizleri diledi\u011finiz zaman arayabilirsiniz. Manlift kiralama fiyatlar\u0131 nedir, firmam\u0131zdan kiral\u0131k manlift nas\u0131l al\u0131n\u0131r \u00f6\u011frenebilirsiniz.<\/p>\n\n\n\n<h3 class=\"wp-block-heading\"><strong>Aksaray Manlift Kiralama<\/strong><\/h3>\n\n\n\n<p>Bu b\u00f6lgedeki firmalar manlift kiralama fiyatlar\u0131 hakk\u0131nda bizlerden s\u0131kl\u0131kla bilgi istemektedir. Bu anlamda bu b\u00f6lgede \u00e7ok fazla say\u0131da kiralamal\u0131k manlift ihtiyac\u0131 olmaktad\u0131r. Siz de Aksaray civar\u0131nda proje bazl\u0131 \u00e7al\u0131\u015fmalar\u0131n\u0131z i\u00e7in Aksaray kiral\u0131k manlift hizmetimizden faydalanabilirsiniz. Aksaray <strong>manlift kiralama<\/strong> fiyatlar\u0131 i\u00e7in bilgi almak i\u00e7in bizleri arayabilirsiniz.<\/p>\n\n\n\n<h3 class=\"wp-block-heading\"><strong>Karaman Manlift Kiralama<\/strong><\/h3>\n\n\n\n<p>Sanayi \u015fehirlerimizden bir tanesi Karaman&#8217;d\u0131r. Bu \u015fehirde de en az Konya kadar kiral\u0131k olarak manlift talebinde bulunulmaktad\u0131r. Karaman i\u00e7in de bizlerden kirama fiyatlar\u0131na dair bilgi alabilirsiniz. Karaman merkez ve il\u00e7elerde yapaca\u011f\u0131n\u0131z in\u015faat ya da bina yap\u0131m, restorasyon, temizlik i\u015flemleri i\u00e7in firmam\u0131zdan kiralamal\u0131k manlift deste\u011fi alabilirsiniz.<\/p>\n\n\n\n<h3 class=\"wp-block-heading\"><strong>Ni\u011fde Manlift Kiralama<\/strong><\/h3>\n\n\n\n<p>Kiral\u0131k olarak manlift hizmetimizi g\u00f6t\u00fcrd\u00fc\u011f\u00fcm\u00fcz yerlerden bir tanesi de Ni\u011fde\u2019dir. Sanayi anlam\u0131nda olduk\u00e7a geli\u015fmi\u015f olan Ni\u011fde\u2019de yap\u0131lan pek \u00e7ok \u00e7al\u0131\u015fmada firmam\u0131z b\u00fcnyesindeki manlift platformlar\u0131 kullan\u0131lmaktad\u0131r. Y\u0131llard\u0131r Ni\u011fde ve \u00e7evresinde kiralama hizmetini en uygun manlift kiral\u0131k fiyatlar ile yapmaktay\u0131z. Firmam\u0131z bu anlamda Ni\u011fde\u2019ye de hizmet vermektedir<\/p>\n\n\n\n<h3 class=\"wp-block-heading\"><strong>Konya Manlift Kiralama<\/strong><\/h3>\n\n\n\n<p>\u0130\u00e7 Anadolu b\u00f6lgesi i\u00e7in sundu\u011fumuz manlift kiralama hizmetlerini Konya\u2019da da yapmaktay\u0131z. Konya kiral\u0131k manliftlerimizden faydalanarak i\u015flerinizi k\u0131sa s\u00fcrede tamamlayabilirsiniz. Manliftlerin kiralama fiyatlar\u0131 hakk\u0131nda bilgi almak i\u00e7in bizlere ula\u015fabilirsiniz.<\/p>\n\n\n\n<p>Manlift konusunda sizlere y\u0131llard\u0131r oldu\u011fu gibi Konya ve \u00e7evresinde kusursuz hizmet sa\u011flamaya devam etmekteyiz. Bizlerden alaca\u011f\u0131n\u0131z kiralama hizmetini g\u00f6n\u00fcl rahatl\u0131\u011f\u0131 ile yapabilirsiniz. Her ay d\u00fczenli bak\u0131m ve servisleri yap\u0131lan manlift \u00e7e\u015fitlerimizi kendiniz de yak\u0131ndan inceleyebilirsiniz. Her biri d\u00f6nemin en yeni en g\u00fcncel mekanizmalar\u0131 olup hem i\u015flerinizin daha rahat yap\u0131lmas\u0131na hem de \u00e7al\u0131\u015fanlar\u0131n\u0131z\u0131n g\u00fcvenli\u011fine yard\u0131mc\u0131 olmaktad\u0131r.<\/p>\n\n\n\n<p>Y\u0131llar\u0131n tecr\u00fcbe ve birikimini elinde bulunduran firmam\u0131z <strong>manlift kiralama<\/strong> konusunda en donan\u0131ml\u0131 en h\u0131zl\u0131 ve en g\u00fcvenli hizmeti sunmaktad\u0131r. <strong>Manlift kiralama<\/strong> hakk\u0131nda bilgi almak ve ihtiyac\u0131n\u0131za en uygun manlift platformu i\u00e7in MA Platform irtibat numaralar\u0131n\u0131 arayabilirsiniz.<\/p>\n","protected":false},"excerpt":{"rendered":"<p>Kademeli platform olarak da adland\u0131r\u0131lan \u201cmanlift\u201d pek \u00e7ok alanda kullan\u0131lan mekanik \u00fcr\u00fcnlerdir.&nbsp; \u00d6zellikle in\u015faat ve \u015fantiyelerde s\u0131kl\u0131kla g\u00f6rmeye al\u0131\u015f\u0131k oldu\u011fumuz kiral\u0131k manliftler ge\u00e7mi\u015ften g\u00fcn\u00fcm\u00fcze teknik anlamda geli\u015ferek \u00e7e\u015fitlenmi\u015ftir. Bu sebeple ihtiyaca ve ortam\u0131n mevcut ko\u015fullar\u0131na ba\u011fl\u0131 olarak en uygun kiral\u0131k manlift tercih edilebilir. Manlift Kiralama Hizmetleri Manliflerin bedeli yapaca\u011f\u0131n\u0131z i\u015f [&hellip;]<\/p>\n","protected":false},"author":1,"featured_media":0,"parent":0,"menu_order":0,"comment_status":"closed","ping_status":"closed","template":"","meta":{"om_disable_all_campaigns":false,"_monsterinsights_skip_tracking":false,"_monsterinsights_sitenote_active":false,"_monsterinsights_sitenote_note":"","_monsterinsights_sitenote_category":0,"footnotes":""},"class_list":["post-159","page","type-page","status-publish","hentry"],"aioseo_notices":[],"_links":{"self":[{"href":"https:\/\/platformkonya.com\/index.php\/wp-json\/wp\/v2\/pages\/159","targetHints":{"allow":["GET"]}}],"collection":[{"href":"https:\/\/platformkonya.com\/index.php\/wp-json\/wp\/v2\/pages"}],"about":[{"href":"https:\/\/platformkonya.com\/index.php\/wp-json\/wp\/v2\/types\/page"}],"author":[{"embeddable":true,"href":"https:\/\/platformkonya.com\/index.php\/wp-json\/wp\/v2\/users\/1"}],"replies":[{"embeddable":true,"href":"https:\/\/platformkonya.com\/index.php\/wp-json\/wp\/v2\/comments?post=159"}],"version-history":[{"count":2,"href":"https:\/\/platformkonya.com\/index.php\/wp-json\/wp\/v2\/pages\/159\/revisions"}],"predecessor-version":[{"id":171,"href":"https:\/\/platformkonya.com\/index.php\/wp-json\/wp\/v2\/pages\/159\/revisions\/171"}],"wp:attachment":[{"href":"https:\/\/platformkonya.com\/index.php\/wp-json\/wp\/v2\/media?parent=159"}],"curies":[{"name":"wp","href":"https:\/\/api.w.org\/{rel}","templated":true}]}}