{"id":44,"date":"2023-06-16T03:15:37","date_gmt":"2023-06-16T03:15:37","guid":{"rendered":"http:\/\/platformkonya.com\/?page_id=44"},"modified":"2023-07-03T14:11:57","modified_gmt":"2023-07-03T14:11:57","slug":"home","status":"publish","type":"page","link":"https:\/\/platformkonya.com\/","title":{"rendered":"Ana Sayfa"},"content":{"rendered":"\n<div class=\"wp-block-cover alignfull is-light hestia-clear-top-padding\" style=\"min-height:414px;aspect-ratio:unset;\"><span aria-hidden=\"true\" class=\"wp-block-cover__background has-white-background-color has-background-dim-100 has-background-dim\"><\/span><div class=\"wp-block-cover__inner-container is-layout-flow wp-block-cover-is-layout-flow\">\n<h2 class=\"wp-block-heading has-text-align-center has-text-color\" style=\"color:#3c4858\"><\/h2>\n\n\n\n<div class=\"wp-block-columns container is-layout-flex wp-container-core-columns-is-layout-28f84493 wp-block-columns-is-layout-flex\">\n<div class=\"wp-block-column is-layout-flow wp-block-column-is-layout-flow\">\n<figure class=\"wp-block-gallery aligncenter has-nested-images columns-default is-cropped wp-block-gallery-1 is-layout-flex wp-block-gallery-is-layout-flex\">\n<figure class=\"wp-block-image size-large\"><img loading=\"lazy\" decoding=\"async\" width=\"1024\" height=\"682\" data-id=\"114\" src=\"http:\/\/platformkonya.com\/wp-content\/uploads\/2023\/06\/WhatsApp-Gorsel-2023-05-31-saat-10.53.28-1024x682.jpg\" alt=\"Manlift 4x4 dizel ve elektirkli\" class=\"wp-image-114\" srcset=\"https:\/\/platformkonya.com\/wp-content\/uploads\/2023\/06\/WhatsApp-Gorsel-2023-05-31-saat-10.53.28-1024x682.jpg 1024w, https:\/\/platformkonya.com\/wp-content\/uploads\/2023\/06\/WhatsApp-Gorsel-2023-05-31-saat-10.53.28-300x200.jpg 300w, https:\/\/platformkonya.com\/wp-content\/uploads\/2023\/06\/WhatsApp-Gorsel-2023-05-31-saat-10.53.28-768x512.jpg 768w, https:\/\/platformkonya.com\/wp-content\/uploads\/2023\/06\/WhatsApp-Gorsel-2023-05-31-saat-10.53.28-1536x1023.jpg 1536w, https:\/\/platformkonya.com\/wp-content\/uploads\/2023\/06\/WhatsApp-Gorsel-2023-05-31-saat-10.53.28-360x240.jpg 360w, https:\/\/platformkonya.com\/wp-content\/uploads\/2023\/06\/WhatsApp-Gorsel-2023-05-31-saat-10.53.28.jpg 1600w\" sizes=\"auto, (max-width: 1024px) 100vw, 1024px\" \/><\/figure>\n<\/figure>\n\n\n\n<h4 class=\"wp-block-heading has-text-align-center has-text-color\" style=\"color:#3c4858;font-size:18px\">Elektrikli Manlift<br>4-6-8-10-12-14 metre<\/h4>\n<\/div>\n\n\n\n<div class=\"wp-block-column is-layout-flow wp-block-column-is-layout-flow\">\n<figure class=\"wp-block-gallery aligncenter has-nested-images columns-default is-cropped wp-block-gallery-2 is-layout-flex wp-block-gallery-is-layout-flex\">\n<figure class=\"wp-block-image size-large\"><img loading=\"lazy\" decoding=\"async\" width=\"1024\" height=\"682\" data-id=\"118\" src=\"http:\/\/platformkonya.com\/wp-content\/uploads\/2023\/06\/WhatsApp-Gorsel-2023-05-31-saat-10.59.19-1024x682.jpg\" alt=\"Manlift 4x4 dizel ve elektirkli\" class=\"wp-image-118\" srcset=\"https:\/\/platformkonya.com\/wp-content\/uploads\/2023\/06\/WhatsApp-Gorsel-2023-05-31-saat-10.59.19-1024x682.jpg 1024w, https:\/\/platformkonya.com\/wp-content\/uploads\/2023\/06\/WhatsApp-Gorsel-2023-05-31-saat-10.59.19-300x200.jpg 300w, https:\/\/platformkonya.com\/wp-content\/uploads\/2023\/06\/WhatsApp-Gorsel-2023-05-31-saat-10.59.19-768x512.jpg 768w, https:\/\/platformkonya.com\/wp-content\/uploads\/2023\/06\/WhatsApp-Gorsel-2023-05-31-saat-10.59.19-1536x1023.jpg 1536w, https:\/\/platformkonya.com\/wp-content\/uploads\/2023\/06\/WhatsApp-Gorsel-2023-05-31-saat-10.59.19-360x240.jpg 360w, https:\/\/platformkonya.com\/wp-content\/uploads\/2023\/06\/WhatsApp-Gorsel-2023-05-31-saat-10.59.19.jpg 1600w\" sizes=\"auto, (max-width: 1024px) 100vw, 1024px\" \/><\/figure>\n<\/figure>\n\n\n\n<h4 class=\"wp-block-heading has-text-align-center has-text-color\" style=\"color:#3c4858;font-size:18px\">Dizel 4&#215;4 Manlift<br>12-14-18 metre<\/h4>\n<\/div>\n\n\n\n<div class=\"wp-block-column is-layout-flow wp-block-column-is-layout-flow\">\n<figure class=\"wp-block-gallery aligncenter has-nested-images columns-default is-cropped wp-block-gallery-3 is-layout-flex wp-block-gallery-is-layout-flex\">\n<figure class=\"wp-block-image size-large\"><img loading=\"lazy\" decoding=\"async\" width=\"1024\" height=\"682\" data-id=\"115\" src=\"http:\/\/platformkonya.com\/wp-content\/uploads\/2023\/06\/WhatsApp-Gorsel-2023-05-31-saat-10.53.57-1024x682.jpg\" alt=\"Eklemli Platformlar\" class=\"wp-image-115\" srcset=\"https:\/\/platformkonya.com\/wp-content\/uploads\/2023\/06\/WhatsApp-Gorsel-2023-05-31-saat-10.53.57-1024x682.jpg 1024w, https:\/\/platformkonya.com\/wp-content\/uploads\/2023\/06\/WhatsApp-Gorsel-2023-05-31-saat-10.53.57-300x200.jpg 300w, https:\/\/platformkonya.com\/wp-content\/uploads\/2023\/06\/WhatsApp-Gorsel-2023-05-31-saat-10.53.57-768x512.jpg 768w, https:\/\/platformkonya.com\/wp-content\/uploads\/2023\/06\/WhatsApp-Gorsel-2023-05-31-saat-10.53.57-1536x1023.jpg 1536w, https:\/\/platformkonya.com\/wp-content\/uploads\/2023\/06\/WhatsApp-Gorsel-2023-05-31-saat-10.53.57-360x240.jpg 360w, https:\/\/platformkonya.com\/wp-content\/uploads\/2023\/06\/WhatsApp-Gorsel-2023-05-31-saat-10.53.57.jpg 1600w\" sizes=\"auto, (max-width: 1024px) 100vw, 1024px\" \/><\/figure>\n<\/figure>\n\n\n\n<h4 class=\"wp-block-heading has-text-align-center has-text-color\" style=\"color:#3c4858;font-size:18px\">Elektrikli Eklemli Platform<br>12 metre<\/h4>\n<\/div>\n<\/div>\n\n\n\n<div class=\"wp-block-columns container is-layout-flex wp-container-core-columns-is-layout-28f84493 wp-block-columns-is-layout-flex\">\n<div class=\"wp-block-column is-layout-flow wp-block-column-is-layout-flow\">\n<figure class=\"wp-block-gallery aligncenter has-nested-images columns-default is-cropped wp-block-gallery-4 is-layout-flex wp-block-gallery-is-layout-flex\">\n<figure class=\"wp-block-image size-large\"><img loading=\"lazy\" decoding=\"async\" width=\"1024\" height=\"682\" data-id=\"132\" src=\"http:\/\/platformkonya.com\/wp-content\/uploads\/2023\/06\/1-1-1024x682.png\" alt=\"manitou\" class=\"wp-image-132\" srcset=\"https:\/\/platformkonya.com\/wp-content\/uploads\/2023\/06\/1-1-1024x682.png 1024w, https:\/\/platformkonya.com\/wp-content\/uploads\/2023\/06\/1-1-300x200.png 300w, https:\/\/platformkonya.com\/wp-content\/uploads\/2023\/06\/1-1-768x512.png 768w, https:\/\/platformkonya.com\/wp-content\/uploads\/2023\/06\/1-1-1536x1023.png 1536w, https:\/\/platformkonya.com\/wp-content\/uploads\/2023\/06\/1-1-360x240.png 360w, https:\/\/platformkonya.com\/wp-content\/uploads\/2023\/06\/1-1.png 1600w\" sizes=\"auto, (max-width: 1024px) 100vw, 1024px\" \/><\/figure>\n<\/figure>\n\n\n\n<h4 class=\"wp-block-heading has-text-align-center has-text-color\" style=\"color:#3c4858;font-size:18px\">Manitou<br><\/h4>\n<\/div>\n\n\n\n<div class=\"wp-block-column is-layout-flow wp-block-column-is-layout-flow\">\n<figure class=\"wp-block-gallery aligncenter has-nested-images columns-default is-cropped wp-block-gallery-5 is-layout-flex wp-block-gallery-is-layout-flex\">\n<figure class=\"wp-block-image size-large\"><img loading=\"lazy\" decoding=\"async\" width=\"1600\" height=\"1066\" data-id=\"133\" src=\"http:\/\/platformkonya.com\/wp-content\/uploads\/2023\/06\/2-1024x682.png\" alt=\"forklift\" class=\"wp-image-133\" srcset=\"https:\/\/platformkonya.com\/wp-content\/uploads\/2023\/06\/2-1024x682.png 1024w, https:\/\/platformkonya.com\/wp-content\/uploads\/2023\/06\/2-300x200.png 300w, https:\/\/platformkonya.com\/wp-content\/uploads\/2023\/06\/2-768x512.png 768w, https:\/\/platformkonya.com\/wp-content\/uploads\/2023\/06\/2-1536x1023.png 1536w, https:\/\/platformkonya.com\/wp-content\/uploads\/2023\/06\/2-360x240.png 360w, https:\/\/platformkonya.com\/wp-content\/uploads\/2023\/06\/2.png 1600w\" sizes=\"auto, (max-width: 1600px) 100vw, 1600px\" \/><\/figure>\n<\/figure>\n\n\n\n<h4 class=\"wp-block-heading has-text-align-center has-text-color\" style=\"color:#3c4858;font-size:18px\">Foklift<br><\/h4>\n<\/div>\n\n\n\n<div class=\"wp-block-column is-layout-flow wp-block-column-is-layout-flow\">\n<figure class=\"wp-block-gallery aligncenter has-nested-images columns-default is-cropped wp-block-gallery-6 is-layout-flex wp-block-gallery-is-layout-flex\">\n<figure class=\"wp-block-image size-large\"><img loading=\"lazy\" decoding=\"async\" width=\"1024\" height=\"682\" data-id=\"134\" src=\"http:\/\/platformkonya.com\/wp-content\/uploads\/2023\/06\/3-1024x682.png\" alt=\"ara\u00e7 \u00fcst\u00fc platform sepet vin\u00e7\" class=\"wp-image-134\" srcset=\"https:\/\/platformkonya.com\/wp-content\/uploads\/2023\/06\/3-1024x682.png 1024w, https:\/\/platformkonya.com\/wp-content\/uploads\/2023\/06\/3-300x200.png 300w, https:\/\/platformkonya.com\/wp-content\/uploads\/2023\/06\/3-768x512.png 768w, https:\/\/platformkonya.com\/wp-content\/uploads\/2023\/06\/3-1536x1023.png 1536w, https:\/\/platformkonya.com\/wp-content\/uploads\/2023\/06\/3-360x240.png 360w, https:\/\/platformkonya.com\/wp-content\/uploads\/2023\/06\/3.png 1600w\" sizes=\"auto, (max-width: 1024px) 100vw, 1024px\" \/><\/figure>\n<\/figure>\n\n\n\n<h4 class=\"wp-block-heading has-text-align-center has-text-color\" style=\"color:#3c4858;font-size:18px\">Ara\u00e7 \u00dcst\u00fc<br>Sepetli Platform<\/h4>\n<\/div>\n<\/div>\n\n\n\n<div class=\"wp-block-columns container is-layout-flex wp-container-core-columns-is-layout-28f84493 wp-block-columns-is-layout-flex\">\n<div class=\"wp-block-column is-layout-flow wp-block-column-is-layout-flow\">\n<figure class=\"wp-block-gallery aligncenter has-nested-images columns-default is-cropped wp-block-gallery-7 is-layout-flex wp-block-gallery-is-layout-flex\">\n<figure class=\"wp-block-image size-large\"><img loading=\"lazy\" decoding=\"async\" width=\"1024\" height=\"682\" data-id=\"135\" src=\"http:\/\/platformkonya.com\/wp-content\/uploads\/2023\/06\/4-1024x682.png\" alt=\"vin\u00e7\" class=\"wp-image-135\" srcset=\"https:\/\/platformkonya.com\/wp-content\/uploads\/2023\/06\/4-1024x682.png 1024w, https:\/\/platformkonya.com\/wp-content\/uploads\/2023\/06\/4-300x200.png 300w, https:\/\/platformkonya.com\/wp-content\/uploads\/2023\/06\/4-768x512.png 768w, https:\/\/platformkonya.com\/wp-content\/uploads\/2023\/06\/4-1536x1023.png 1536w, https:\/\/platformkonya.com\/wp-content\/uploads\/2023\/06\/4-360x240.png 360w, https:\/\/platformkonya.com\/wp-content\/uploads\/2023\/06\/4.png 1600w\" sizes=\"auto, (max-width: 1024px) 100vw, 1024px\" \/><\/figure>\n<\/figure>\n\n\n\n<h4 class=\"wp-block-heading has-text-align-center has-text-color\" style=\"color:#3c4858;font-size:18px\">Vin\u00e7<\/h4>\n<\/div>\n\n\n\n<div class=\"wp-block-column is-layout-flow wp-block-column-is-layout-flow\">\n<figure class=\"wp-block-gallery aligncenter has-nested-images columns-default is-cropped wp-block-gallery-8 is-layout-flex wp-block-gallery-is-layout-flex\">\n<figure class=\"wp-block-image size-large\"><img loading=\"lazy\" decoding=\"async\" width=\"1024\" height=\"682\" data-id=\"136\" src=\"http:\/\/platformkonya.com\/wp-content\/uploads\/2023\/06\/5-1024x682.png\" alt=\"ekskavat\u00f6r kep\u00e7e \" class=\"wp-image-136\" srcset=\"https:\/\/platformkonya.com\/wp-content\/uploads\/2023\/06\/5-1024x682.png 1024w, https:\/\/platformkonya.com\/wp-content\/uploads\/2023\/06\/5-300x200.png 300w, https:\/\/platformkonya.com\/wp-content\/uploads\/2023\/06\/5-768x512.png 768w, https:\/\/platformkonya.com\/wp-content\/uploads\/2023\/06\/5-1536x1023.png 1536w, https:\/\/platformkonya.com\/wp-content\/uploads\/2023\/06\/5-360x240.png 360w, https:\/\/platformkonya.com\/wp-content\/uploads\/2023\/06\/5.png 1600w\" sizes=\"auto, (max-width: 1024px) 100vw, 1024px\" \/><\/figure>\n<\/figure>\n\n\n\n<h4 class=\"wp-block-heading has-text-align-center has-text-color\" style=\"color:#3c4858;font-size:18px\">Ekskavat\u00f6r<\/h4>\n<\/div>\n\n\n\n<div class=\"wp-block-column is-layout-flow wp-block-column-is-layout-flow\">\n<figure class=\"wp-block-gallery aligncenter has-nested-images columns-default is-cropped wp-block-gallery-9 is-layout-flex wp-block-gallery-is-layout-flex\">\n<figure class=\"wp-block-image size-large\"><img loading=\"lazy\" decoding=\"async\" width=\"1024\" height=\"682\" data-id=\"137\" src=\"http:\/\/platformkonya.com\/wp-content\/uploads\/2023\/06\/6-1024x682.png\" alt=\"kep\u00e7e kaz\u0131y\u0131c\u0131 y\u00fckleyici beko loder\" class=\"wp-image-137\" srcset=\"https:\/\/platformkonya.com\/wp-content\/uploads\/2023\/06\/6-1024x682.png 1024w, https:\/\/platformkonya.com\/wp-content\/uploads\/2023\/06\/6-300x200.png 300w, https:\/\/platformkonya.com\/wp-content\/uploads\/2023\/06\/6-768x512.png 768w, https:\/\/platformkonya.com\/wp-content\/uploads\/2023\/06\/6-1536x1023.png 1536w, https:\/\/platformkonya.com\/wp-content\/uploads\/2023\/06\/6-360x240.png 360w, https:\/\/platformkonya.com\/wp-content\/uploads\/2023\/06\/6.png 1600w\" sizes=\"auto, (max-width: 1024px) 100vw, 1024px\" \/><\/figure>\n<\/figure>\n\n\n\n<h4 class=\"wp-block-heading has-text-align-center has-text-color\" style=\"color:#3c4858;font-size:18px\">Beko Loder<br>Kaz\u0131y\u0131c\u0131 Y\u00fckleyici<\/h4>\n<\/div>\n<\/div>\n\n\n\n<div class=\"wp-block-columns container is-layout-flex wp-container-core-columns-is-layout-28f84493 wp-block-columns-is-layout-flex\">\n<div class=\"wp-block-column is-layout-flow wp-block-column-is-layout-flow\">\n<figure class=\"wp-block-gallery aligncenter has-nested-images columns-default is-cropped wp-block-gallery-10 is-layout-flex wp-block-gallery-is-layout-flex\">\n<figure class=\"wp-block-image size-large\"><img loading=\"lazy\" decoding=\"async\" width=\"1024\" height=\"682\" data-id=\"138\" src=\"http:\/\/platformkonya.com\/wp-content\/uploads\/2023\/06\/7-1024x682.png\" alt=\"mini kep\u00e7e kaz\u0131y\u0131c\u0131 y\u00fckleyici beko loder\" class=\"wp-image-138\" srcset=\"https:\/\/platformkonya.com\/wp-content\/uploads\/2023\/06\/7-1024x682.png 1024w, https:\/\/platformkonya.com\/wp-content\/uploads\/2023\/06\/7-300x200.png 300w, https:\/\/platformkonya.com\/wp-content\/uploads\/2023\/06\/7-768x512.png 768w, https:\/\/platformkonya.com\/wp-content\/uploads\/2023\/06\/7-1536x1023.png 1536w, https:\/\/platformkonya.com\/wp-content\/uploads\/2023\/06\/7-360x240.png 360w, https:\/\/platformkonya.com\/wp-content\/uploads\/2023\/06\/7.png 1600w\" sizes=\"auto, (max-width: 1024px) 100vw, 1024px\" \/><\/figure>\n<\/figure>\n\n\n\n<h4 class=\"wp-block-heading has-text-align-center has-text-color\" style=\"color:#3c4858;font-size:18px\">Mini Beko Loder<br>Kaz\u0131y\u0131c\u0131 Y\u00fckleyici<\/h4>\n<\/div>\n\n\n\n<div class=\"wp-block-column is-layout-flow wp-block-column-is-layout-flow\">\n<figure class=\"wp-block-gallery aligncenter has-nested-images columns-default is-cropped wp-block-gallery-11 is-layout-flex wp-block-gallery-is-layout-flex\">\n<figure class=\"wp-block-image size-large\"><img loading=\"lazy\" decoding=\"async\" width=\"1024\" height=\"682\" data-id=\"140\" src=\"http:\/\/platformkonya.com\/wp-content\/uploads\/2023\/06\/8-1024x682.png\" alt=\"bobcat mini y\u00fckleyici\" class=\"wp-image-140\" srcset=\"https:\/\/platformkonya.com\/wp-content\/uploads\/2023\/06\/8-1024x682.png 1024w, https:\/\/platformkonya.com\/wp-content\/uploads\/2023\/06\/8-300x200.png 300w, https:\/\/platformkonya.com\/wp-content\/uploads\/2023\/06\/8-768x512.png 768w, https:\/\/platformkonya.com\/wp-content\/uploads\/2023\/06\/8-1536x1023.png 1536w, https:\/\/platformkonya.com\/wp-content\/uploads\/2023\/06\/8-360x240.png 360w, https:\/\/platformkonya.com\/wp-content\/uploads\/2023\/06\/8.png 1600w\" sizes=\"auto, (max-width: 1024px) 100vw, 1024px\" \/><\/figure>\n<\/figure>\n\n\n\n<h4 class=\"wp-block-heading has-text-align-center has-text-color\" style=\"color:#3c4858;font-size:18px\">Bobcat<br>Mini Y\u00fckleyici<\/h4>\n<\/div>\n\n\n\n<div class=\"wp-block-column is-layout-flow wp-block-column-is-layout-flow\">\n<figure class=\"wp-block-gallery aligncenter has-nested-images columns-default is-cropped wp-block-gallery-12 is-layout-flex wp-block-gallery-is-layout-flex\">\n<figure class=\"wp-block-image size-large\"><img loading=\"lazy\" decoding=\"async\" width=\"1024\" height=\"682\" data-id=\"115\" src=\"http:\/\/platformkonya.com\/wp-content\/uploads\/2023\/06\/WhatsApp-Gorsel-2023-05-31-saat-10.53.57-1024x682.jpg\" alt=\"\" class=\"wp-image-115\" srcset=\"https:\/\/platformkonya.com\/wp-content\/uploads\/2023\/06\/WhatsApp-Gorsel-2023-05-31-saat-10.53.57-1024x682.jpg 1024w, https:\/\/platformkonya.com\/wp-content\/uploads\/2023\/06\/WhatsApp-Gorsel-2023-05-31-saat-10.53.57-300x200.jpg 300w, https:\/\/platformkonya.com\/wp-content\/uploads\/2023\/06\/WhatsApp-Gorsel-2023-05-31-saat-10.53.57-768x512.jpg 768w, https:\/\/platformkonya.com\/wp-content\/uploads\/2023\/06\/WhatsApp-Gorsel-2023-05-31-saat-10.53.57-1536x1023.jpg 1536w, https:\/\/platformkonya.com\/wp-content\/uploads\/2023\/06\/WhatsApp-Gorsel-2023-05-31-saat-10.53.57-360x240.jpg 360w, https:\/\/platformkonya.com\/wp-content\/uploads\/2023\/06\/WhatsApp-Gorsel-2023-05-31-saat-10.53.57.jpg 1600w\" sizes=\"auto, (max-width: 1024px) 100vw, 1024px\" \/><\/figure>\n<\/figure>\n\n\n\n<h4 class=\"wp-block-heading has-text-align-center has-text-color\" style=\"color:#3c4858;font-size:18px\">Elektrikli Eklemli Platform<br>12 metre<\/h4>\n<\/div>\n<\/div>\n\n\n\n<div style=\"height:40px\" aria-hidden=\"true\" class=\"wp-block-spacer\"><\/div>\n\n\n\n<p><\/p>\n<\/div><\/div>\n\n\n\n<div class=\"wp-block-columns container is-layout-flex wp-container-core-columns-is-layout-28f84493 wp-block-columns-is-layout-flex\">\n<div class=\"wp-block-column col-md-5 is-layout-flow wp-block-column-is-layout-flow\">\n<div style=\"height:55px\" aria-hidden=\"true\" class=\"wp-block-spacer\"><\/div>\n\n\n\n<h2 class=\"wp-block-heading\">7\/24 Profesyonel Kiralama<\/h2>\n\n\n\n<p>Konya, Aksaray, Ni\u011fde ve K\u0131r\u015fehir&#8217;de Platform Manlift Vin\u00e7 Forklift Bobcat Ekskavat\u00f6r Manitou Kiralama.<\/p>\n<\/div>\n\n\n\n<div class=\"wp-block-column col-md-6 col-md-offset1 is-layout-flow wp-block-column-is-layout-flow\">\n<div style=\"height:55px\" aria-hidden=\"true\" class=\"wp-block-spacer\"><\/div>\n\n\n\n<figure class=\"wp-block-image size-large\"><img loading=\"lazy\" decoding=\"async\" width=\"1024\" height=\"365\" src=\"http:\/\/platformkonya.com\/wp-content\/uploads\/2023\/06\/1-1024x365.png\" alt=\"\" class=\"wp-image-94\" srcset=\"https:\/\/platformkonya.com\/wp-content\/uploads\/2023\/06\/1-1024x365.png 1024w, https:\/\/platformkonya.com\/wp-content\/uploads\/2023\/06\/1-300x107.png 300w, https:\/\/platformkonya.com\/wp-content\/uploads\/2023\/06\/1-768x274.png 768w, https:\/\/platformkonya.com\/wp-content\/uploads\/2023\/06\/1-1536x547.png 1536w, https:\/\/platformkonya.com\/wp-content\/uploads\/2023\/06\/1-2048x730.png 2048w\" sizes=\"auto, (max-width: 1024px) 100vw, 1024px\" \/><\/figure>\n\n\n\n<p><\/p>\n<\/div>\n<\/div>\n","protected":false},"excerpt":{"rendered":"<p>7\/24 Profesyonel Kiralama Konya, Aksaray, Ni\u011fde ve K\u0131r\u015fehir&#8217;de Platform Manlift Vin\u00e7 Forklift Bobcat Ekskavat\u00f6r Manitou Kiralama.<\/p>\n","protected":false},"author":1,"featured_media":97,"parent":0,"menu_order":0,"comment_status":"closed","ping_status":"closed","template":"","meta":{"om_disable_all_campaigns":false,"_monsterinsights_skip_tracking":false,"_monsterinsights_sitenote_active":false,"_monsterinsights_sitenote_note":"","_monsterinsights_sitenote_category":0,"footnotes":""},"class_list":["post-44","page","type-page","status-publish","has-post-thumbnail","hentry"],"aioseo_notices":[],"_links":{"self":[{"href":"https:\/\/platformkonya.com\/index.php\/wp-json\/wp\/v2\/pages\/44","targetHints":{"allow":["GET"]}}],"collection":[{"href":"https:\/\/platformkonya.com\/index.php\/wp-json\/wp\/v2\/pages"}],"about":[{"href":"https:\/\/platformkonya.com\/index.php\/wp-json\/wp\/v2\/types\/page"}],"author":[{"embeddable":true,"href":"https:\/\/platformkonya.com\/index.php\/wp-json\/wp\/v2\/users\/1"}],"replies":[{"embeddable":true,"href":"https:\/\/platformkonya.com\/index.php\/wp-json\/wp\/v2\/comments?post=44"}],"version-history":[{"count":11,"href":"https:\/\/platformkonya.com\/index.php\/wp-json\/wp\/v2\/pages\/44\/revisions"}],"predecessor-version":[{"id":179,"href":"https:\/\/platformkonya.com\/index.php\/wp-json\/wp\/v2\/pages\/44\/revisions\/179"}],"wp:featuredmedia":[{"embeddable":true,"href":"https:\/\/platformkonya.com\/index.php\/wp-json\/wp\/v2\/media\/97"}],"wp:attachment":[{"href":"https:\/\/platformkonya.com\/index.php\/wp-json\/wp\/v2\/media?parent=44"}],"curies":[{"name":"wp","href":"https:\/\/api.w.org\/{rel}","templated":true}]}}